{"id":417,"date":"2016-12-17T15:07:20","date_gmt":"2016-12-17T14:07:20","guid":{"rendered":"http:\/\/www.larchivolte.fr\/?page_id=417"},"modified":"2024-02-12T19:38:47","modified_gmt":"2024-02-12T18:38:47","slug":"leipzig-1730","status":"publish","type":"page","link":"https:\/\/www.larchivolte.fr\/?page_id=417","title":{"rendered":"Leipzig 1730"},"content":{"rendered":"\n<div class=\"wp-block-columns is-layout-flex wp-container-core-columns-layout-2 wp-block-columns-is-layout-flex\">\n<div class=\"wp-block-column is-layout-flow wp-block-column-is-layout-flow\">\n<p><em>Pour une soir\u00e9e, franchissez la porte du c\u00e9l\u00e8bre Caf\u00e9 Zimmermann et de ses jardins int\u00e9rieurs\u2026 Les plus grands compositeurs allemands du XVIII\u00e8me y jouent leur musique : nous avons imagin\u00e9 pour vous ce que pouvait \u00eatre un de ces programmes musicaux.<\/em><\/p>\n\n\n\n<p>Le \u00ab Caf\u00e9 Zimmermann \u00bb est le nom de l\u2019\u00e9tablissement de Gottfried Zimmermann qui se situe \u00e0 Leipzig, rue Sainte-Catherine. Au XVIII\u00e8me si\u00e8cle, chaque semaine, le Collegium Musicum, ensemble fond\u00e9 par Georg Philipp Telemann, et dirig\u00e9 par Johann Sebastian Bach entre 1729 et 1739, donnait un concert compos\u00e9 de cantates profanes ou de musique instrumentale. \u00c0 l\u2019\u00e9poque, Leipzig attirait beaucoup de musiciens venus voir le Cantor ou simplement pour participer \u00e0 la vie musicale de la ville. Aucun programme du r\u00e9pertoire du caf\u00e9 n\u2019est arriv\u00e9 jusqu\u2019\u00e0 nous, mais des articles de journaux annoncent les concerts vari\u00e9s et nombreux, on suppose que l\u2019on donnait des pi\u00e8ces compos\u00e9es par Bach, de ses fils, de Telemann, mais aussi celles des plus grands compositeurs europ\u00e9ens dont la musique circulait en partitions ou dans la t\u00eate des musiciens, de passage \u00e0 Leipzig\u2026<\/p>\n\n\n\n<div class=\"wp-block-columns is-layout-flex wp-container-core-columns-layout-1 wp-block-columns-is-layout-flex\">\n<div class=\"wp-block-column is-layout-flow wp-block-column-is-layout-flow\" style=\"flex-basis:33.33%\">\n<figure class=\"wp-block-image size-full\"><img loading=\"lazy\" decoding=\"async\" width=\"500\" height=\"500\" src=\"https:\/\/www.larchivolte.fr\/wp-content\/uploads\/2024\/02\/leipzig_1730.jpg\" alt=\"\" class=\"wp-image-788\" style=\"aspect-ratio:1;object-fit:cover\" srcset=\"https:\/\/www.larchivolte.fr\/wp-content\/uploads\/2024\/02\/leipzig_1730.jpg 500w, https:\/\/www.larchivolte.fr\/wp-content\/uploads\/2024\/02\/leipzig_1730-300x300.jpg 300w, https:\/\/www.larchivolte.fr\/wp-content\/uploads\/2024\/02\/leipzig_1730-150x150.jpg 150w, https:\/\/www.larchivolte.fr\/wp-content\/uploads\/2024\/02\/leipzig_1730-250x250.jpg 250w, https:\/\/www.larchivolte.fr\/wp-content\/uploads\/2024\/02\/leipzig_1730-174x174.jpg 174w\" sizes=\"(max-width: 500px) 100vw, 500px\" \/><\/figure>\n<\/div>\n\n\n\n<div class=\"wp-block-column is-layout-flow wp-block-column-is-layout-flow\" style=\"flex-basis:66.66%\">\n<ul class=\"cartel-list\">\n<li><em>Marie Lerbret<\/em> &#8211; fl\u00fbte \u00e0 bec<\/li>\n\n\n\n<li><em>Louise Bouedo-Mallet<\/em> &#8211; viole de gambe<\/li>\n\n\n\n<li><em>Mathilde Blaineau<\/em> &#8211; clavecin<\/li>\n\n\n\n<li>avec la participation de <em>J\u00e9r\u00e9my Bertin<\/em>, conteur<\/li>\n<\/ul>\n<\/div>\n<\/div>\n<\/div>\n\n\n\n<div class=\"wp-block-column is-layout-flow wp-block-column-is-layout-flow\">\n<p>Programme :<\/p>\n\n\n\n<ul>\n<li>Sonate en trio en sol mineur pour fl\u00fbte, viole de gambe et basse continue \/ <em>G.-P. Telemann<\/em> (1681-1767)<\/li>\n\n\n\n<li>Fantaisie pour viole de gambe seule \/ <em>G.-P. Telemann<\/em><\/li>\n\n\n\n<li>Sonate en mi mineur pour fl\u00fbte et basse continue \/ <em>J.-S. Bach<\/em> (1685-1750)<\/li>\n\n\n\n<li>Gigue en sol mineur de la 7\u00e8 suite pour clavecin seul \/ <em>G.-F. Haendel<\/em> (1685-1759)<\/li>\n\n\n\n<li>Sonate en r\u00e9 mineur pour fl\u00fbte \u00e0 bec et basse continue \/ <em>G.-F. Haendel<\/em><\/li>\n\n\n\n<li>Sonate en sol mineur pour viole et clavecin \/ <em>J.-S. Bach<\/em><\/li>\n\n\n\n<li>Fantaisie pour fl\u00fbte \u00e0 bec seule en sol mineur \/ <em>G.-P. Telemann<\/em><\/li>\n\n\n\n<li>Chaconne en trio, <em>D. Buxtehude<\/em> (1637-1707)<\/li>\n\n\n\n<li>Jesu, meine Freude, adaptation instrumentale du choral orn\u00e9 pour orgue \/ <em>J.-S. Bach<\/em><\/li>\n<\/ul>\n<\/div>\n<\/div>\n","protected":false},"excerpt":{"rendered":"<p>Pour une soir\u00e9e, franchissez la porte du c\u00e9l\u00e8bre Caf\u00e9 Zimmermann et de ses jardins int\u00e9rieurs\u2026 Les plus grands compositeurs allemands du XVIII\u00e8me y jouent leur musique : nous avons imagin\u00e9 pour vous ce que pouvait \u00eatre un de ces programmes musicaux. Le \u00ab Caf\u00e9 Zimmermann \u00bb est le nom de l\u2019\u00e9tablissement de Gottfried Zimmermann qui<a href=\"https:\/\/www.larchivolte.fr\/?page_id=417\"> [&hellip;]<\/a><\/p>\n","protected":false},"author":1,"featured_media":788,"parent":27,"menu_order":0,"comment_status":"closed","ping_status":"closed","template":"template-fullwidth.php","meta":{"footnotes":""},"_links":{"self":[{"href":"https:\/\/www.larchivolte.fr\/index.php?rest_route=\/wp\/v2\/pages\/417"}],"collection":[{"href":"https:\/\/www.larchivolte.fr\/index.php?rest_route=\/wp\/v2\/pages"}],"about":[{"href":"https:\/\/www.larchivolte.fr\/index.php?rest_route=\/wp\/v2\/types\/page"}],"author":[{"embeddable":true,"href":"https:\/\/www.larchivolte.fr\/index.php?rest_route=\/wp\/v2\/users\/1"}],"replies":[{"embeddable":true,"href":"https:\/\/www.larchivolte.fr\/index.php?rest_route=%2Fwp%2Fv2%2Fcomments&post=417"}],"version-history":[{"count":26,"href":"https:\/\/www.larchivolte.fr\/index.php?rest_route=\/wp\/v2\/pages\/417\/revisions"}],"predecessor-version":[{"id":797,"href":"https:\/\/www.larchivolte.fr\/index.php?rest_route=\/wp\/v2\/pages\/417\/revisions\/797"}],"up":[{"embeddable":true,"href":"https:\/\/www.larchivolte.fr\/index.php?rest_route=\/wp\/v2\/pages\/27"}],"wp:featuredmedia":[{"embeddable":true,"href":"https:\/\/www.larchivolte.fr\/index.php?rest_route=\/wp\/v2\/media\/788"}],"wp:attachment":[{"href":"https:\/\/www.larchivolte.fr\/index.php?rest_route=%2Fwp%2Fv2%2Fmedia&parent=417"}],"curies":[{"name":"wp","href":"https:\/\/api.w.org\/{rel}","templated":true}]}}